{"id":22,"date":"2026-04-28T11:33:35","date_gmt":"2026-04-28T11:33:35","guid":{"rendered":"https:\/\/magikodokazji.pl\/?page_id=22"},"modified":"2026-04-28T15:44:17","modified_gmt":"2026-04-28T15:44:17","slug":"wymiana-telefonu","status":"publish","type":"page","link":"https:\/\/magikodokazji.pl\/index.php\/wymiana-telefonu\/","title":{"rendered":"Wymiana Telefonu"},"content":{"rendered":"\n<div class=\"wp-block-uagb-container uagb-block-4c80560e alignfull uagb-is-root-container\"><div class=\"uagb-container__video-wrap\"><video autoplay loop muted playsinline><source src=\"http:\/\/magikodokazji.pl\/wp-content\/uploads\/2026\/04\/flagowy-odblokowany-smartfon-5g-z-6-8-calowym-ekranem-fhd-Temu.mp4\" type=\"video\/mp4\"\/><\/video><\/div><div class=\"uagb-container-inner-blocks-wrap\">\n<div class=\"wp-block-uagb-container uagb-block-b1e2e4cf\">\n<div class=\"wp-block-uagb-info-box uagb-block-1a0a3c51 uagb-infobox__content-wrap  uagb-infobox-icon-above-title uagb-infobox-image-valign-top\"><div class=\"uagb-ifb-content\"><div class=\"uagb-ifb-title-wrap\"><h6 class=\"uagb-ifb-title-prefix\">Calorie control, balanced nutrition<\/h6><h1 class=\"uagb-ifb-title\">Start living your<br>healthiest life<\/h1><\/div><\/div><\/div>\n\n\n\n<div class=\"wp-block-latepoint-book-button\">Book An Appointment<\/div>\n<\/div>\n<\/div><\/div>\n\n\n\n<div class=\"wp-block-uagb-container uagb-block-c8065528 alignfull uagb-is-root-container\"><div class=\"uagb-container-inner-blocks-wrap\">\n<div class=\"wp-block-uagb-container uagb-block-941f7abe\">\n<div class=\"wp-block-latepoint-book-form\"><\/div>\n<\/div>\n\n\n\n<div class=\"wp-block-uagb-container uagb-block-368c4dd8\">\n<div class=\"wp-block-uagb-info-box uagb-block-de866ac1 uagb-infobox__content-wrap  uagb-infobox-icon-above-title uagb-infobox-image-valign-top\"><div class=\"uagb-ifb-content\"><div class=\"uagb-ifb-title-wrap\"><h6 class=\"uagb-ifb-title-prefix\">Book an Appointment<\/h6><h2 class=\"uagb-ifb-title\">Wellness coaching with Lumora<\/h2><\/div><p class=\"uagb-ifb-desc\">Achieve balance and well-being with personalized coaching tailored to your needs. Lumora guides you through sustainable lifestyle changes to help you reach your health and wellness goals. Start your journey to a healthier life today.<\/p><\/div><\/div>\n<\/div>\n<\/div><\/div>\n\n\n\n<div class=\"wp-block-uagb-container uagb-block-ac713df3 alignfull uagb-is-root-container\"><div class=\"uagb-container-inner-blocks-wrap\">\n<div class=\"wp-block-uagb-advanced-heading uagb-block-dfb424ec\"><h6 class=\"uagb-heading-text\">Coaching Services<\/h6><\/div>\n\n\n\n<div class=\"wp-block-uagb-advanced-heading uagb-block-a29744a5\"><h2 class=\"uagb-heading-text\">Create the life you want to live<\/h2><\/div>\n\n\n\n<div class=\"wp-block-uagb-container uagb-layout-flex uagb-block-b969eff2\">\n<div class=\"wp-block-uagb-container uagb-block-20b5d3a3\">\n<div class=\"wp-block-uagb-image aligncenter uagb-block-4d50375b wp-block-uagb-image--layout-default wp-block-uagb-image--effect-static wp-block-uagb-image--align-center\"><figure class=\"wp-block-uagb-image__figure\"><img decoding=\"async\" srcset=\"https:\/\/magikodokazji.pl\/wp-content\/uploads\/2026\/04\/956d4f3e-2cd2-4cfb-b95e-93413806d86d_800x800.jpeg.format.avif ,https:\/\/magikodokazji.pl\/wp-content\/uploads\/2026\/04\/956d4f3e-2cd2-4cfb-b95e-93413806d86d_800x800.jpeg.format.avif 780w, https:\/\/magikodokazji.pl\/wp-content\/uploads\/2026\/04\/956d4f3e-2cd2-4cfb-b95e-93413806d86d_800x800.jpeg.format.avif 360w\" sizes=\"auto, (max-width: 480px) 150px\" src=\"https:\/\/magikodokazji.pl\/wp-content\/uploads\/2026\/04\/956d4f3e-2cd2-4cfb-b95e-93413806d86d_800x800.jpeg.format.avif\" alt=\"\" class=\"uag-image-37\" width=\"600\" height=\"432\" title=\"956d4f3e-2cd2-4cfb-b95e-93413806d86d_800x800.jpeg.format\" loading=\"lazy\" role=\"img\"\/><\/figure><\/div>\n\n\n\n<div class=\"wp-block-uagb-container uagb-block-b1fffcda\">\n<div class=\"wp-block-uagb-advanced-heading uagb-block-527c9878\"><h5 class=\"uagb-heading-text\">Personalized nutrition plans<\/h5><p class=\"uagb-desc-text\">Create customized meal plans tailored to your individual health goals, needs lifestyle preferences to help you achieve optimal wellness<strong> start from: $500<\/strong><\/p><\/div>\n\n\n\n<div class=\"wp-block-latepoint-book-button\">Book An Appointment<\/div>\n<\/div>\n<\/div>\n\n\n\n<div class=\"wp-block-uagb-container uagb-block-b4c7f18e\">\n<div class=\"wp-block-uagb-image uagb-block-99caa8cb wp-block-uagb-image--layout-default wp-block-uagb-image--effect-static wp-block-uagb-image--align-none\"><figure class=\"wp-block-uagb-image__figure\"><img decoding=\"async\" srcset=\"https:\/\/magikodokazji.pl\/wp-content\/uploads\/2026\/04\/8e8e41b7-e5b5-4e5c-9c5d-609cd6ba406f_800x800.jpeg.format.avif ,https:\/\/magikodokazji.pl\/wp-content\/uploads\/2026\/04\/8e8e41b7-e5b5-4e5c-9c5d-609cd6ba406f_800x800.jpeg.format.avif 780w, https:\/\/magikodokazji.pl\/wp-content\/uploads\/2026\/04\/8e8e41b7-e5b5-4e5c-9c5d-609cd6ba406f_800x800.jpeg.format.avif 360w\" sizes=\"auto, (max-width: 480px) 150px\" src=\"https:\/\/magikodokazji.pl\/wp-content\/uploads\/2026\/04\/8e8e41b7-e5b5-4e5c-9c5d-609cd6ba406f_800x800.jpeg.format.avif\" alt=\"\" class=\"uag-image-36\" width=\"600\" height=\"432\" title=\"8e8e41b7-e5b5-4e5c-9c5d-609cd6ba406f_800x800.jpeg.format\" loading=\"lazy\" role=\"img\"\/><\/figure><\/div>\n\n\n\n<div class=\"wp-block-uagb-container uagb-block-8d4dcce9\">\n<div class=\"wp-block-uagb-advanced-heading uagb-block-9e2f98a4\"><h5 class=\"uagb-heading-text\">Weight management counseling<\/h5><p class=\"uagb-desc-text\">Through tailored nutrition plans, behavioral coaching, and fitness advice, we focus on sustainable results your overall well-being <strong>start from: $1,000<\/strong><\/p><\/div>\n\n\n\n<div class=\"wp-block-latepoint-book-button\">Book An Appointment<\/div>\n<\/div>\n<\/div>\n<\/div>\n\n\n\n<div class=\"wp-block-uagb-container uagb-layout-flex uagb-block-d4499e8d\">\n<div class=\"wp-block-uagb-container uagb-block-f539a425\">\n<div class=\"wp-block-uagb-image uagb-block-4b360360 wp-block-uagb-image--layout-default wp-block-uagb-image--effect-static wp-block-uagb-image--align-none\"><figure class=\"wp-block-uagb-image__figure\"><img decoding=\"async\" srcset=\"https:\/\/magikodokazji.pl\/wp-content\/uploads\/2026\/04\/ed996b5d-cdec-47d7-a537-bff25c4d1208_1280x1280.jpeg.format.avif ,https:\/\/magikodokazji.pl\/wp-content\/uploads\/2026\/04\/ed996b5d-cdec-47d7-a537-bff25c4d1208_1280x1280.jpeg.format.avif 780w, https:\/\/magikodokazji.pl\/wp-content\/uploads\/2026\/04\/ed996b5d-cdec-47d7-a537-bff25c4d1208_1280x1280.jpeg.format.avif 360w\" sizes=\"auto, (max-width: 480px) 150px\" src=\"https:\/\/magikodokazji.pl\/wp-content\/uploads\/2026\/04\/ed996b5d-cdec-47d7-a537-bff25c4d1208_1280x1280.jpeg.format.avif\" alt=\"\" class=\"uag-image-34\" width=\"600\" height=\"432\" title=\"ed996b5d-cdec-47d7-a537-bff25c4d1208_1280x1280.jpeg.format\" loading=\"lazy\" role=\"img\"\/><\/figure><\/div>\n\n\n\n<div class=\"wp-block-uagb-container uagb-block-d48a60d0\">\n<div class=\"wp-block-uagb-advanced-heading uagb-block-b347ee32\"><h5 class=\"uagb-heading-text\">Health and wellness coaching<\/h5><p class=\"uagb-desc-text\">Offer one-on-one coaching sessions to help you adopt healthier eating patterns, improve your overall well-being manage chronic conditions<strong> start from: $800<\/strong><\/p><\/div>\n\n\n\n<div class=\"wp-block-latepoint-book-button\">Book An Appointment<\/div>\n<\/div>\n<\/div>\n\n\n\n<div class=\"wp-block-uagb-container uagb-block-976b07ec\">\n<div class=\"wp-block-uagb-image uagb-block-b7c7fc9b wp-block-uagb-image--layout-default wp-block-uagb-image--effect-static wp-block-uagb-image--align-none\"><figure class=\"wp-block-uagb-image__figure\"><img decoding=\"async\" srcset=\"https:\/\/magikodokazji.pl\/wp-content\/uploads\/2026\/04\/b5a0ca30-8a79-458f-915f-6f201ae040c1_1500x1500.jpeg.format.avif ,https:\/\/magikodokazji.pl\/wp-content\/uploads\/2026\/04\/b5a0ca30-8a79-458f-915f-6f201ae040c1_1500x1500.jpeg.format.avif 780w, https:\/\/magikodokazji.pl\/wp-content\/uploads\/2026\/04\/b5a0ca30-8a79-458f-915f-6f201ae040c1_1500x1500.jpeg.format.avif 360w\" sizes=\"auto, (max-width: 480px) 150px\" src=\"https:\/\/magikodokazji.pl\/wp-content\/uploads\/2026\/04\/b5a0ca30-8a79-458f-915f-6f201ae040c1_1500x1500.jpeg.format.avif\" alt=\"\" class=\"uag-image-35\" width=\"600\" height=\"432\" title=\"b5a0ca30-8a79-458f-915f-6f201ae040c1_1500x1500.jpeg.format\" loading=\"lazy\" role=\"img\"\/><\/figure><\/div>\n\n\n\n<div class=\"wp-block-uagb-container uagb-block-3fcd99ff\">\n<div class=\"wp-block-uagb-advanced-heading uagb-block-d4fa28e4\"><h5 class=\"uagb-heading-text\">Expand your spiritual knowledge<\/h5><p class=\"uagb-desc-text\">Spiritual coaching will help you to walk confidently into your purpose and incorporate your spirituality into your day-to-day life<strong> start from: $1,500<\/strong><\/p><\/div>\n\n\n\n<div class=\"wp-block-latepoint-book-button\">Book An Appointment<\/div>\n<\/div>\n<\/div>\n<\/div>\n<\/div><\/div>\n\n\n\n<div class=\"wp-block-uagb-container uagb-layout-grid uagb-block-f3362a88 alignfull uagb-is-root-container\"><div class=\"uagb-container-inner-blocks-wrap\">\n<div class=\"wp-block-uagb-container uagb-block-484928d5\">\n<div class=\"wp-block-uagb-image uagb-block-27a842a8 wp-block-uagb-image--layout-default wp-block-uagb-image--effect-static wp-block-uagb-image--align-none\"><figure class=\"wp-block-uagb-image__figure\"><img decoding=\"async\" srcset=\"https:\/\/magikodokazji.pl\/wp-content\/uploads\/2026\/04\/69c24fc78cf0e4.51492682_Gemini_Generated_Image_gn5h3lgn5h3lgn5h-572x1024.png ,https:\/\/magikodokazji.pl\/wp-content\/uploads\/2026\/04\/69c24fc78cf0e4.51492682_Gemini_Generated_Image_gn5h3lgn5h3lgn5h.png 780w, https:\/\/magikodokazji.pl\/wp-content\/uploads\/2026\/04\/69c24fc78cf0e4.51492682_Gemini_Generated_Image_gn5h3lgn5h3lgn5h.png 360w\" sizes=\"auto, (max-width: 480px) 150px\" src=\"https:\/\/magikodokazji.pl\/wp-content\/uploads\/2026\/04\/69c24fc78cf0e4.51492682_Gemini_Generated_Image_gn5h3lgn5h3lgn5h-572x1024.png\" alt=\"\" class=\"uag-image-32\" width=\"600\" height=\"728\" title=\"69c24fc78cf0e4.51492682_Gemini_Generated_Image_gn5h3lgn5h3lgn5h\" loading=\"lazy\" role=\"img\"\/><\/figure><\/div>\n<\/div>\n\n\n\n<div class=\"wp-block-uagb-container uagb-block-3fd1e8ef\">\n<div class=\"wp-block-uagb-advanced-heading uagb-block-968bdf41\"><h2 class=\"uagb-heading-text\">Cze\u015b\u0107, m\u00f3wi\u0105 o mnie Magik Od Promocji. Od lat zajmuj\u0119 si\u0119 analiz\u0105 rynk\u00f3w program\u00f3w lojalno\u015bciowych, promocji, okazji itp. \u015aledz\u0119 regulaminy, promocje i bud\u017cety marketingowe, kt\u00f3rych zwyk\u0142y \u015bmiertelnik nie ma czasu czyta\u0107.<\/h2><p class=\"uagb-desc-text\"><strong>Odkry\u0142em jedn\u0105 rzecz:<\/strong>\u00a0Wielkie korporacje wydaj\u0105 miliardy na reklamy w TV, kt\u00f3re nikogo nie obchodz\u0105. Cz\u0119\u015b\u0107 tych pieni\u0119dzy musz\u0105 jednak \u201eodda\u0107\u201d bezpo\u015brednio nowym u\u017cytkownikom w ramach tzw. bud\u017cet\u00f3w pozyskania.<br><strong>Dlaczego Ci to pokazuj\u0119?<\/strong>\u00a0To proste: ja dostaj\u0119 od instytucji premi\u0119 za wskazanie im nowego, \u015bwiadomego u\u017cytkownika, a Ty dostajesz od nich got\u00f3wk\u0119, kt\u00f3ra w 100% pokrywa koszt Twojego wymarzonego gad\u017cetu.<br>Ty masz konsol\u0119, telefon, got\u00f3wk\u0119 za darmo, ja otrzymuj\u0119 prowizj\u0119 od giganta rynkowego.\u00a0<strong>Uczciwy uk\u0142ad, w kt\u00f3rym p\u0142ac\u0105 korporacje, a my korzystamy.<\/strong>\u201e<\/p><\/div>\n<\/div>\n\n\n\n<div class=\"wp-block-uagb-container uagb-block-i7crwa58 alignfull uagb-is-root-container\"><div class=\"uagb-container-inner-blocks-wrap\"><\/div><\/div>\n<\/div><\/div>\n\n\n\n<div class=\"wp-block-uagb-container uagb-block-ykwkrzsq alignfull uagb-is-root-container\"><div class=\"uagb-container-inner-blocks-wrap\">\n<div class=\"wp-block-uagb-info-box uagb-block-tceqwdip uagb-infobox__content-wrap  uagb-infobox-icon-above-title uagb-infobox-image-valign-top\"><div class=\"uagb-ifb-content\"><div class=\"uagb-ifb-title-wrap\"><h3 class=\"uagb-ifb-title\">What Our Customers Say<\/h3><\/div><div class=\"uagb-ifb-separator\"><\/div><\/div><\/div>\n\n\n\n<div class=\"wp-block-uagb-container uagb-block-sp3smi6i\">\n<div class=\"wp-block-uagb-container uagb-block-ust90t2k\">\n<div class=\"wp-block-uagb-info-box uagb-block-zy90lo4l uagb-infobox__content-wrap  uagb-infobox-icon-above-title uagb-infobox-image-valign-top\"><div class=\"uagb-ifb-content\"><div class=\"uagb-ifb-icon-wrap\"><svg xmlns=\"https:\/\/www.w3.org\/2000\/svg\" viewBox=\"0 0 448 512\"><path d=\"M96 224C84.72 224 74.05 226.3 64 229.9V224c0-35.3 28.7-64 64-64c17.67 0 32-14.33 32-32S145.7 96 128 96C57.42 96 0 153.4 0 224v96c0 53.02 42.98 96 96 96s96-42.98 96-96S149 224 96 224zM352 224c-11.28 0-21.95 2.305-32 5.879V224c0-35.3 28.7-64 64-64c17.67 0 32-14.33 32-32s-14.33-32-32-32c-70.58 0-128 57.42-128 128v96c0 53.02 42.98 96 96 96s96-42.98 96-96S405 224 352 224z\"><\/path><\/svg><\/div><div class=\"uagb-ifb-title-wrap\"><p class=\"uagb-ifb-title\">Exceptional service! This company goes above and beyond to meet their customers&#8217; needs. I couldn&#8217;t be happier with the results.<\/p><\/div><\/div><\/div>\n\n\n\n<div class=\"wp-block-uagb-info-box uagb-block-2mqdjxmi uagb-infobox__content-wrap  uagb-infobox-icon-above-title uagb-infobox-image-valign-top\"><div class=\"uagb-ifb-content\"><div class=\"uagb-ifb-image-content\"><img decoding=\"async\" src=\"http:\/\/magikodokazji.pl\/wp-content\/uploads\/2026\/04\/testimonial-skip-12.jpg\" alt=\"\" width=\"32\" height=\"32\" loading=\"lazy\"\/><\/div><div class=\"uagb-ifb-title-wrap\"><p class=\"uagb-ifb-title\">Jordan Smith<\/p><\/div><\/div><\/div>\n<\/div>\n\n\n\n<div class=\"wp-block-uagb-container uagb-block-jcqstymx\">\n<div class=\"wp-block-uagb-info-box uagb-block-8mcjwnac uagb-infobox__content-wrap  uagb-infobox-icon-above-title uagb-infobox-image-valign-top\"><div class=\"uagb-ifb-content\"><div class=\"uagb-ifb-icon-wrap\"><svg xmlns=\"https:\/\/www.w3.org\/2000\/svg\" viewBox=\"0 0 448 512\"><path d=\"M96 224C84.72 224 74.05 226.3 64 229.9V224c0-35.3 28.7-64 64-64c17.67 0 32-14.33 32-32S145.7 96 128 96C57.42 96 0 153.4 0 224v96c0 53.02 42.98 96 96 96s96-42.98 96-96S149 224 96 224zM352 224c-11.28 0-21.95 2.305-32 5.879V224c0-35.3 28.7-64 64-64c17.67 0 32-14.33 32-32s-14.33-32-32-32c-70.58 0-128 57.42-128 128v96c0 53.02 42.98 96 96 96s96-42.98 96-96S405 224 352 224z\"><\/path><\/svg><\/div><div class=\"uagb-ifb-title-wrap\"><p class=\"uagb-ifb-title\">Outstanding quality and professionalism. I&#8217;ve been a loyal customer for years and have never been disappointed.<\/p><\/div><\/div><\/div>\n\n\n\n<div class=\"wp-block-uagb-info-box uagb-block-if3sdny1 uagb-infobox__content-wrap  uagb-infobox-icon-above-title uagb-infobox-image-valign-top\"><div class=\"uagb-ifb-content\"><div class=\"uagb-ifb-image-content\"><img decoding=\"async\" src=\"http:\/\/magikodokazji.pl\/wp-content\/uploads\/2026\/04\/testimonial-skip-04.jpg\" alt=\"\" width=\"32\" height=\"32\" loading=\"lazy\"\/><\/div><div class=\"uagb-ifb-title-wrap\"><p class=\"uagb-ifb-title\">Taylor Johnson<\/p><\/div><\/div><\/div>\n<\/div>\n\n\n\n<div class=\"wp-block-uagb-container uagb-block-wrq5x3aj\">\n<div class=\"wp-block-uagb-info-box uagb-block-nfzxcphc uagb-infobox__content-wrap  uagb-infobox-icon-above-title uagb-infobox-image-valign-top\"><div class=\"uagb-ifb-content\"><div class=\"uagb-ifb-icon-wrap\"><svg xmlns=\"https:\/\/www.w3.org\/2000\/svg\" viewBox=\"0 0 448 512\"><path d=\"M96 224C84.72 224 74.05 226.3 64 229.9V224c0-35.3 28.7-64 64-64c17.67 0 32-14.33 32-32S145.7 96 128 96C57.42 96 0 153.4 0 224v96c0 53.02 42.98 96 96 96s96-42.98 96-96S149 224 96 224zM352 224c-11.28 0-21.95 2.305-32 5.879V224c0-35.3 28.7-64 64-64c17.67 0 32-14.33 32-32s-14.33-32-32-32c-70.58 0-128 57.42-128 128v96c0 53.02 42.98 96 96 96s96-42.98 96-96S405 224 352 224z\"><\/path><\/svg><\/div><div class=\"uagb-ifb-title-wrap\"><p class=\"uagb-ifb-title\">Reliable and trustworthy. I highly recommend this business to anyone looking for top-notch products\/services.<\/p><\/div><\/div><\/div>\n\n\n\n<div class=\"wp-block-uagb-info-box uagb-block-naegt5oh uagb-infobox__content-wrap  uagb-infobox-icon-above-title uagb-infobox-image-valign-top\"><div class=\"uagb-ifb-content\"><div class=\"uagb-ifb-image-content\"><img decoding=\"async\" src=\"http:\/\/magikodokazji.pl\/wp-content\/uploads\/2026\/04\/testimonial-skip-07.jpg\" alt=\"\" width=\"32\" height=\"32\" loading=\"lazy\"\/><\/div><div class=\"uagb-ifb-title-wrap\"><p class=\"uagb-ifb-title\">Casey Williams<\/p><\/div><\/div><\/div>\n<\/div>\n<\/div>\n<\/div><\/div>\n\n\n\n<div class=\"wp-block-uagb-advanced-heading uagb-block-gb0k1xda\"><h2 class=\"uagb-heading-text\">Frequently Asked Questions<\/h2><p class=\"uagb-desc-text\">Find answers to commonly asked questions about our products and services.<\/p><\/div>\n\n\n<div class=\"wp-block-uagb-faq uagb-faq__outer-wrap uagb-block-1mig3aqc uagb-faq-icon-row-reverse uagb-faq-layout-accordion uagb-faq-expand-first-true uagb-faq-inactive-other-false uagb-faq__wrap uagb-buttons-layout-wrap uagb-faq-equal-height     \" data-faqtoggle=\"true\" role=\"tablist\"><div class=\"wp-block-uagb-faq-child uagb-faq-child__outer-wrap uagb-faq-item uagb-block-cfpqidpn \" role=\"tab\" tabindex=\"0\"><div class=\"uagb-faq-questions-button uagb-faq-questions\">\t\t\t<span class=\"uagb-icon uagb-faq-icon-wrap\">\n\t\t\t\t\t\t\t<\/span>\n\t\t\t\t\t\t<span class=\"uagb-icon-active uagb-faq-icon-wrap\">\n\t\t\t\t\t\t\t<\/span>\n\t\t\t<p class=\"uagb-question\">How can I place an order?<\/p><\/div><div class=\"uagb-faq-content\"><p>To place an order, simply browse our website, select your desired items, and proceed to the checkout page. Follow the prompts to provide your shipping and payment information, and your order will be processed.<\/p><\/div><\/div><div class=\"wp-block-uagb-faq-child uagb-faq-child__outer-wrap uagb-faq-item uagb-block-jzxw0iam \" role=\"tab\" tabindex=\"0\"><div class=\"uagb-faq-questions-button uagb-faq-questions\">\t\t\t<span class=\"uagb-icon uagb-faq-icon-wrap\">\n\t\t\t\t\t\t\t<\/span>\n\t\t\t\t\t\t<span class=\"uagb-icon-active uagb-faq-icon-wrap\">\n\t\t\t\t\t\t\t<\/span>\n\t\t\t<p class=\"uagb-question\">What payment methods do you accept?<\/p><\/div><div class=\"uagb-faq-content\"><p>We accept various payment methods, including credit\/debit cards, PayPal, and bank transfers. At checkout, you will have the option to choose your preferred payment method.<\/p><\/div><\/div><div class=\"wp-block-uagb-faq-child uagb-faq-child__outer-wrap uagb-faq-item uagb-block-ywdrfjy1 \" role=\"tab\" tabindex=\"0\"><div class=\"uagb-faq-questions-button uagb-faq-questions\">\t\t\t<span class=\"uagb-icon uagb-faq-icon-wrap\">\n\t\t\t\t\t\t\t<\/span>\n\t\t\t\t\t\t<span class=\"uagb-icon-active uagb-faq-icon-wrap\">\n\t\t\t\t\t\t\t<\/span>\n\t\t\t<p class=\"uagb-question\">How long does shipping take?<\/p><\/div><div class=\"uagb-faq-content\"><p>Shipping times vary depending on your location. Typically, orders are processed within 1-2 business days, and delivery can take anywhere from 3-10 business days. You will receive a tracking number once your order has been shipped.<\/p><\/div><\/div><div class=\"wp-block-uagb-faq-child uagb-faq-child__outer-wrap uagb-faq-item uagb-block-8itlae7j \" role=\"tab\" tabindex=\"0\"><div class=\"uagb-faq-questions-button uagb-faq-questions\">\t\t\t<span class=\"uagb-icon uagb-faq-icon-wrap\">\n\t\t\t\t\t\t\t<\/span>\n\t\t\t\t\t\t<span class=\"uagb-icon-active uagb-faq-icon-wrap\">\n\t\t\t\t\t\t\t<\/span>\n\t\t\t<p class=\"uagb-question\">Do you offer international shipping?<\/p><\/div><div class=\"uagb-faq-content\"><p>Yes, we offer international shipping to selected countries. During the checkout process, you will be able to see if your country is eligible for shipping. Please note that additional customs fees or taxes may apply upon delivery, which are the responsibility of the recipient.<\/p><\/div><\/div><\/div>","protected":false},"excerpt":{"rendered":"<p>Coaching Services Create the life you want to live Personalized nutrition plans Create customized meal plans tailored to your individual [&hellip;]<\/p>\n","protected":false},"author":1,"featured_media":0,"parent":0,"menu_order":0,"comment_status":"closed","ping_status":"closed","template":"","meta":{"_uag_custom_page_level_css":"","site-sidebar-layout":"default","site-content-layout":"","ast-site-content-layout":"default","site-content-style":"default","site-sidebar-style":"default","ast-global-header-display":"disabled","ast-banner-title-visibility":"disabled","ast-main-header-display":"","ast-hfb-above-header-display":"","ast-hfb-below-header-display":"","ast-hfb-mobile-header-display":"","site-post-title":"disabled","ast-breadcrumbs-content":"","ast-featured-img":"","footer-sml-layout":"disabled","ast-disable-related-posts":"","theme-transparent-header-meta":"","adv-header-id-meta":"","stick-header-meta":"","header-above-stick-meta":"","header-main-stick-meta":"","header-below-stick-meta":"","astra-migrate-meta-layouts":"default","ast-page-background-enabled":"default","ast-page-background-meta":{"desktop":{"background-color":"var(--ast-global-color-5)","background-image":"","background-repeat":"repeat","background-position":"center center","background-size":"auto","background-attachment":"scroll","background-type":"","background-media":"","overlay-type":"","overlay-color":"","overlay-opacity":"","overlay-gradient":""},"tablet":{"background-color":"","background-image":"","background-repeat":"repeat","background-position":"center center","background-size":"auto","background-attachment":"scroll","background-type":"","background-media":"","overlay-type":"","overlay-color":"","overlay-opacity":"","overlay-gradient":""},"mobile":{"background-color":"","background-image":"","background-repeat":"repeat","background-position":"center center","background-size":"auto","background-attachment":"scroll","background-type":"","background-media":"","overlay-type":"","overlay-color":"","overlay-opacity":"","overlay-gradient":""}},"ast-content-background-meta":{"desktop":{"background-color":"var(--ast-global-color-4)","background-image":"","background-repeat":"repeat","background-position":"center center","background-size":"auto","background-attachment":"scroll","background-type":"","background-media":"","overlay-type":"","overlay-color":"","overlay-opacity":"","overlay-gradient":""},"tablet":{"background-color":"var(--ast-global-color-4)","background-image":"","background-repeat":"repeat","background-position":"center center","background-size":"auto","background-attachment":"scroll","background-type":"","background-media":"","overlay-type":"","overlay-color":"","overlay-opacity":"","overlay-gradient":""},"mobile":{"background-color":"var(--ast-global-color-4)","background-image":"","background-repeat":"repeat","background-position":"center center","background-size":"auto","background-attachment":"scroll","background-type":"","background-media":"","overlay-type":"","overlay-color":"","overlay-opacity":"","overlay-gradient":""}},"footnotes":""},"class_list":["post-22","page","type-page","status-publish","hentry"],"uagb_featured_image_src":{"full":false,"thumbnail":false,"medium":false,"medium_large":false,"large":false,"1536x1536":false,"2048x2048":false},"uagb_author_info":{"display_name":"admin","author_link":"https:\/\/magikodokazji.pl\/index.php\/author\/admin\/"},"uagb_comment_info":0,"uagb_excerpt":"Coaching Services Create the life you want to live Personalized nutrition plans Create customized meal plans tailored to your individual [&hellip;]","_links":{"self":[{"href":"https:\/\/magikodokazji.pl\/index.php\/wp-json\/wp\/v2\/pages\/22","targetHints":{"allow":["GET"]}}],"collection":[{"href":"https:\/\/magikodokazji.pl\/index.php\/wp-json\/wp\/v2\/pages"}],"about":[{"href":"https:\/\/magikodokazji.pl\/index.php\/wp-json\/wp\/v2\/types\/page"}],"author":[{"embeddable":true,"href":"https:\/\/magikodokazji.pl\/index.php\/wp-json\/wp\/v2\/users\/1"}],"replies":[{"embeddable":true,"href":"https:\/\/magikodokazji.pl\/index.php\/wp-json\/wp\/v2\/comments?post=22"}],"version-history":[{"count":27,"href":"https:\/\/magikodokazji.pl\/index.php\/wp-json\/wp\/v2\/pages\/22\/revisions"}],"predecessor-version":[{"id":68,"href":"https:\/\/magikodokazji.pl\/index.php\/wp-json\/wp\/v2\/pages\/22\/revisions\/68"}],"wp:attachment":[{"href":"https:\/\/magikodokazji.pl\/index.php\/wp-json\/wp\/v2\/media?parent=22"}],"curies":[{"name":"wp","href":"https:\/\/api.w.org\/{rel}","templated":true}]}}